{"id":1722,"date":"2025-06-29T10:13:20","date_gmt":"2025-06-29T10:13:20","guid":{"rendered":"https:\/\/www.lahipocondria.com\/JironesEnElTintero\/blog\/"},"modified":"2025-10-08T20:41:51","modified_gmt":"2025-10-08T20:41:51","slug":"blog","status":"publish","type":"page","link":"https:\/\/www.lahipocondria.com\/JironesEnElTintero\/blog\/","title":{"rendered":"Trastienda"},"content":{"rendered":"\n<div class=\"wp-block-uagb-container uagb-block-a9de8738 alignfull uagb-is-root-container\"><div class=\"uagb-container-inner-blocks-wrap\">\n<div class=\"wp-block-uagb-advanced-heading uagb-block-44c41ad3\"><h1 class=\"uagb-heading-text\">Trastienda<\/h1><\/div>\n<\/div><\/div>\n\n\n\n<div class=\"wp-block-uagb-container uagb-block-6ff3adc4 alignfull uagb-is-root-container\"><div class=\"uagb-container-inner-blocks-wrap\">\n<div class=\"wp-block-uagb-advanced-heading uagb-block-bd3da16b\"><h2 class=\"uagb-heading-text\">\u00bfPor qu\u00e9?<\/h2><p class=\"uagb-desc-text\">La trastienda es ese lugar donde se almacenan, un poco en desorden, y se preparan los objetos que luego se van a poner en el escaparate para que los vea todo el mundo. Es donde se pulen o se reparan los cachivaches encontrados por el camino, para convertirlos en objetos interesantes&#8230; e incluso m\u00e1gicos.<br><br>Y eso ser\u00e1 esta secci\u00f3n: la sala trasera de mi imaginaci\u00f3n, con algo m\u00e1s de luz, para mostrar algunos de sus rincones. Espero que los encuentres&#8230; sugerentes, y que este escaparate escondido te anime a curiosear qu\u00e9 objetos he decidido poner en exposici\u00f3n. <\/p><\/div>\n\n\n\n\t\t\t<div class=\"wp-block-uagb-post-grid uagb-post-grid  uagb-post__image-position-top uagb-post__image-enabled uagb-block-c3c5e18d     uagb-post__items uagb-post__columns-3 is-grid uagb-post__columns-tablet-2 uagb-post__columns-mobile-1 uagb-post__equal-height\" data-total=\"1\" style=\"\">\n\n\t\t\t\t\t\t\t\t\t\t\t\t<article class=\"uagb-post__inner-wrap\">\t\t\t\t\t\t\t\t<div class='uagb-post__image'>\n\t\t\t\t\t\t\t\t\t<a href=\"https:\/\/www.lahipocondria.com\/JironesEnElTintero\/desde-el-balcon\/\" target=\"_self\" rel=\"bookmark noopener noreferrer\" class='uagb-image-ratio-2-3'><img loading=\"lazy\" decoding=\"async\" width=\"800\" height=\"533\" src=\"https:\/\/www.lahipocondria.com\/JironesEnElTintero\/wp-content\/uploads\/2025\/10\/20251008TRASTIENDA-Balcones.jpg\" class=\"attachment-large size-large\" alt=\"\" srcset=\"https:\/\/www.lahipocondria.com\/JironesEnElTintero\/wp-content\/uploads\/2025\/10\/20251008TRASTIENDA-Balcones.jpg 800w, https:\/\/www.lahipocondria.com\/JironesEnElTintero\/wp-content\/uploads\/2025\/10\/20251008TRASTIENDA-Balcones-300x200.jpg 300w, https:\/\/www.lahipocondria.com\/JironesEnElTintero\/wp-content\/uploads\/2025\/10\/20251008TRASTIENDA-Balcones-768x512.jpg 768w\" sizes=\"auto, (max-width: 800px) 100vw, 800px\" \/>\t\t\t\t\t<\/a>\n\t\t\t\t\t\t\t<\/div>\n\t\t\t\t\t\t<h4 class=\"uagb-post__title uagb-post__text\">\n\t\t\t\t<a href=\"https:\/\/www.lahipocondria.com\/JironesEnElTintero\/desde-el-balcon\/\" target=\"_self\" rel=\"bookmark noopener noreferrer\">Desde el balc\u00f3n<\/a>\n\t\t\t<\/h4>\n\t\t\t\t\t\t<div class='uagb-post__text uagb-post-grid-byline'>\n\t\t\t\t\t\t\t\t<div class=\"uagb-post__text\">\n\t\t\t\t\t<span class='uagb-post__taxonomy'>\n\t\t\t\t\t\t\t\t\t\t\t\t<a href=\"https:\/\/www.lahipocondria.com\/JironesEnElTintero\/category\/jirones\/\">Jirones<\/a>,&nbsp;<a href=\"https:\/\/www.lahipocondria.com\/JironesEnElTintero\/category\/la-trastienda\/\">La trastienda<\/a>\t\t\t\t\t<\/span>\n\t\t\t\t<\/div>\n\t\t\t\t\t\t\t<\/div>\n\t\t\t\t\t\t\t<div class='uagb-post__text uagb-post__excerpt'>\n\t\t\t\t\t<p>Balcones. De momento se llama as\u00ed. Llevo meses intentando buscarle&#8230;\t\t\t\t<\/div>\n\t\t\t\t\t\t<div class=\"uagb-post__text uagb-post__cta wp-block-button\">\n\t\t\t\t<a class=\"wp-block-button__link uagb-text-link\" style=\"\" href=\"https:\/\/www.lahipocondria.com\/JironesEnElTintero\/desde-el-balcon\/\" target=\"_self\" rel=\"bookmark noopener noreferrer\">Leer m\u00e1s<\/a>\n\t\t\t<\/div>\n\t\t\t\n\t\t\t\t\t\t\t\t\t<\/article>\n\t\t\t\t\t\t\t\t\t\t\t\t\t\t\t\t<article class=\"uagb-post__inner-wrap\">\t\t\t\t\t\t\t\t<div class='uagb-post__image'>\n\t\t\t\t\t\t\t\t\t<a href=\"https:\/\/www.lahipocondria.com\/JironesEnElTintero\/irse-de-excursion\/\" target=\"_self\" rel=\"bookmark noopener noreferrer\" class='uagb-image-ratio-2-3'><img loading=\"lazy\" decoding=\"async\" width=\"800\" height=\"533\" src=\"https:\/\/www.lahipocondria.com\/JironesEnElTintero\/wp-content\/uploads\/2025\/09\/20250914IrseDeExcursion-TRASTIENDA.jpg\" class=\"attachment-large size-large\" alt=\"\" srcset=\"https:\/\/www.lahipocondria.com\/JironesEnElTintero\/wp-content\/uploads\/2025\/09\/20250914IrseDeExcursion-TRASTIENDA.jpg 800w, https:\/\/www.lahipocondria.com\/JironesEnElTintero\/wp-content\/uploads\/2025\/09\/20250914IrseDeExcursion-TRASTIENDA-300x200.jpg 300w, https:\/\/www.lahipocondria.com\/JironesEnElTintero\/wp-content\/uploads\/2025\/09\/20250914IrseDeExcursion-TRASTIENDA-768x512.jpg 768w\" sizes=\"auto, (max-width: 800px) 100vw, 800px\" \/>\t\t\t\t\t<\/a>\n\t\t\t\t\t\t\t<\/div>\n\t\t\t\t\t\t<h4 class=\"uagb-post__title uagb-post__text\">\n\t\t\t\t<a href=\"https:\/\/www.lahipocondria.com\/JironesEnElTintero\/irse-de-excursion\/\" target=\"_self\" rel=\"bookmark noopener noreferrer\">Irse de excursi\u00f3n<\/a>\n\t\t\t<\/h4>\n\t\t\t\t\t\t<div class='uagb-post__text uagb-post-grid-byline'>\n\t\t\t\t\t\t\t\t<div class=\"uagb-post__text\">\n\t\t\t\t\t<span class='uagb-post__taxonomy'>\n\t\t\t\t\t\t\t\t\t\t\t\t<a href=\"https:\/\/www.lahipocondria.com\/JironesEnElTintero\/category\/jirones\/\">Jirones<\/a>,&nbsp;<a href=\"https:\/\/www.lahipocondria.com\/JironesEnElTintero\/category\/la-trastienda\/\">La trastienda<\/a>\t\t\t\t\t<\/span>\n\t\t\t\t<\/div>\n\t\t\t\t\t\t\t<\/div>\n\t\t\t\t\t\t\t<div class='uagb-post__text uagb-post__excerpt'>\n\t\t\t\t\t\u00bfEscritor de mapa, de br\u00fajula&#8230;, de dados? He ah\u00ed la&#8230;\t\t\t\t<\/div>\n\t\t\t\t\t\t<div class=\"uagb-post__text uagb-post__cta wp-block-button\">\n\t\t\t\t<a class=\"wp-block-button__link uagb-text-link\" style=\"\" href=\"https:\/\/www.lahipocondria.com\/JironesEnElTintero\/irse-de-excursion\/\" target=\"_self\" rel=\"bookmark noopener noreferrer\">Leer m\u00e1s<\/a>\n\t\t\t<\/div>\n\t\t\t\n\t\t\t\t\t\t\t\t\t<\/article>\n\t\t\t\t\t\t\t\t\t\t\t\t\t\t\t\t<article class=\"uagb-post__inner-wrap\">\t\t\t\t\t\t\t\t<div class='uagb-post__image'>\n\t\t\t\t\t\t\t\t\t<a href=\"https:\/\/www.lahipocondria.com\/JironesEnElTintero\/relato-48-horas\/\" target=\"_self\" rel=\"bookmark noopener noreferrer\" class='uagb-image-ratio-2-3'><img loading=\"lazy\" decoding=\"async\" width=\"1024\" height=\"576\" src=\"https:\/\/www.lahipocondria.com\/JironesEnElTintero\/wp-content\/uploads\/2025\/06\/RElato48horas.png\" class=\"attachment-large size-large\" alt=\"\" \/>\t\t\t\t\t<\/a>\n\t\t\t\t\t\t\t<\/div>\n\t\t\t\t\t\t<h4 class=\"uagb-post__title uagb-post__text\">\n\t\t\t\t<a href=\"https:\/\/www.lahipocondria.com\/JironesEnElTintero\/relato-48-horas\/\" target=\"_self\" rel=\"bookmark noopener noreferrer\">Relato 48 horas<\/a>\n\t\t\t<\/h4>\n\t\t\t\t\t\t<div class='uagb-post__text uagb-post-grid-byline'>\n\t\t\t\t\t\t\t\t<div class=\"uagb-post__text\">\n\t\t\t\t\t<span class='uagb-post__taxonomy'>\n\t\t\t\t\t\t\t\t\t\t\t\t<a href=\"https:\/\/www.lahipocondria.com\/JironesEnElTintero\/category\/jirones\/\">Jirones<\/a>,&nbsp;<a href=\"https:\/\/www.lahipocondria.com\/JironesEnElTintero\/category\/la-trastienda\/\">La trastienda<\/a>\t\t\t\t\t<\/span>\n\t\t\t\t<\/div>\n\t\t\t\t\t\t\t<\/div>\n\t\t\t\t\t\t\t<div class='uagb-post__text uagb-post__excerpt'>\n\t\t\t\t\t\u00abReto: relato 48 horas\u00bb es el \u00fanico concurso en el&#8230;\t\t\t\t<\/div>\n\t\t\t\t\t\t<div class=\"uagb-post__text uagb-post__cta wp-block-button\">\n\t\t\t\t<a class=\"wp-block-button__link uagb-text-link\" style=\"\" href=\"https:\/\/www.lahipocondria.com\/JironesEnElTintero\/relato-48-horas\/\" target=\"_self\" rel=\"bookmark noopener noreferrer\">Leer m\u00e1s<\/a>\n\t\t\t<\/div>\n\t\t\t\n\t\t\t\t\t\t\t\t\t<\/article>\n\t\t\t\t\t\t\t\t\t\t\t\t\t\t\t\t<article class=\"uagb-post__inner-wrap\">\t\t\t\t\t\t\t\t<div class='uagb-post__image'>\n\t\t\t\t\t\t\t\t\t<a href=\"https:\/\/www.lahipocondria.com\/JironesEnElTintero\/estaba-pensando\/\" target=\"_self\" rel=\"bookmark noopener noreferrer\" class='uagb-image-ratio-2-3'><img loading=\"lazy\" decoding=\"async\" width=\"1024\" height=\"576\" src=\"https:\/\/www.lahipocondria.com\/JironesEnElTintero\/wp-content\/uploads\/2025\/07\/Estaba_pensando_TRASTIENDA-1200x675-1-1024x576.jpg\" class=\"attachment-large size-large\" alt=\"\" srcset=\"https:\/\/www.lahipocondria.com\/JironesEnElTintero\/wp-content\/uploads\/2025\/07\/Estaba_pensando_TRASTIENDA-1200x675-1-1024x576.jpg 1024w, https:\/\/www.lahipocondria.com\/JironesEnElTintero\/wp-content\/uploads\/2025\/07\/Estaba_pensando_TRASTIENDA-1200x675-1-300x169.jpg 300w, https:\/\/www.lahipocondria.com\/JironesEnElTintero\/wp-content\/uploads\/2025\/07\/Estaba_pensando_TRASTIENDA-1200x675-1-768x432.jpg 768w, https:\/\/www.lahipocondria.com\/JironesEnElTintero\/wp-content\/uploads\/2025\/07\/Estaba_pensando_TRASTIENDA-1200x675-1.jpg 1200w\" sizes=\"auto, (max-width: 1024px) 100vw, 1024px\" \/>\t\t\t\t\t<\/a>\n\t\t\t\t\t\t\t<\/div>\n\t\t\t\t\t\t<h4 class=\"uagb-post__title uagb-post__text\">\n\t\t\t\t<a href=\"https:\/\/www.lahipocondria.com\/JironesEnElTintero\/estaba-pensando\/\" target=\"_self\" rel=\"bookmark noopener noreferrer\">Estaba pensando&#8230;<\/a>\n\t\t\t<\/h4>\n\t\t\t\t\t\t<div class='uagb-post__text uagb-post-grid-byline'>\n\t\t\t\t\t\t\t\t<div class=\"uagb-post__text\">\n\t\t\t\t\t<span class='uagb-post__taxonomy'>\n\t\t\t\t\t\t\t\t\t\t\t\t<a href=\"https:\/\/www.lahipocondria.com\/JironesEnElTintero\/category\/jirones\/\">Jirones<\/a>,&nbsp;<a href=\"https:\/\/www.lahipocondria.com\/JironesEnElTintero\/category\/la-trastienda\/\">La trastienda<\/a>\t\t\t\t\t<\/span>\n\t\t\t\t<\/div>\n\t\t\t\t\t\t\t<\/div>\n\t\t\t\t\t\t\t<div class='uagb-post__text uagb-post__excerpt'>\n\t\t\t\t\t<p>S\u00ed, a veces me da por pensar, no creas. M\u00e1s&#8230;\t\t\t\t<\/div>\n\t\t\t\t\t\t<div class=\"uagb-post__text uagb-post__cta wp-block-button\">\n\t\t\t\t<a class=\"wp-block-button__link uagb-text-link\" style=\"\" href=\"https:\/\/www.lahipocondria.com\/JironesEnElTintero\/estaba-pensando\/\" target=\"_self\" rel=\"bookmark noopener noreferrer\">Leer m\u00e1s<\/a>\n\t\t\t<\/div>\n\t\t\t\n\t\t\t\t\t\t\t\t\t<\/article>\n\t\t\t\t\t\t\t\t\t\t\t\t\t\t\t\t<article class=\"uagb-post__inner-wrap\">\t\t\t\t\t\t\t\t<div class='uagb-post__image'>\n\t\t\t\t\t\t\t\t\t<a href=\"https:\/\/www.lahipocondria.com\/JironesEnElTintero\/my-go-to-ways-to-get-more-off-the-beaten-track-while-traveling-2\/\" target=\"_self\" rel=\"bookmark noopener noreferrer\" class='uagb-image-ratio-2-3'><img loading=\"lazy\" decoding=\"async\" width=\"1024\" height=\"683\" src=\"https:\/\/www.lahipocondria.com\/JironesEnElTintero\/wp-content\/uploads\/2025\/07\/CABECERAtrastienda-1024x683.png\" class=\"attachment-large size-large\" alt=\"\" srcset=\"https:\/\/www.lahipocondria.com\/JironesEnElTintero\/wp-content\/uploads\/2025\/07\/CABECERAtrastienda-1024x683.png 1024w, https:\/\/www.lahipocondria.com\/JironesEnElTintero\/wp-content\/uploads\/2025\/07\/CABECERAtrastienda-300x200.png 300w, https:\/\/www.lahipocondria.com\/JironesEnElTintero\/wp-content\/uploads\/2025\/07\/CABECERAtrastienda-768x512.png 768w, https:\/\/www.lahipocondria.com\/JironesEnElTintero\/wp-content\/uploads\/2025\/07\/CABECERAtrastienda.png 1536w\" sizes=\"auto, (max-width: 1024px) 100vw, 1024px\" \/>\t\t\t\t\t<\/a>\n\t\t\t\t\t\t\t<\/div>\n\t\t\t\t\t\t<h4 class=\"uagb-post__title uagb-post__text\">\n\t\t\t\t<a href=\"https:\/\/www.lahipocondria.com\/JironesEnElTintero\/my-go-to-ways-to-get-more-off-the-beaten-track-while-traveling-2\/\" target=\"_self\" rel=\"bookmark noopener noreferrer\">La trastienda<\/a>\n\t\t\t<\/h4>\n\t\t\t\t\t\t<div class='uagb-post__text uagb-post-grid-byline'>\n\t\t\t\t\t\t\t\t<div class=\"uagb-post__text\">\n\t\t\t\t\t<span class='uagb-post__taxonomy'>\n\t\t\t\t\t\t\t\t\t\t\t\t<a href=\"https:\/\/www.lahipocondria.com\/JironesEnElTintero\/category\/jirones\/\">Jirones<\/a>,&nbsp;<a href=\"https:\/\/www.lahipocondria.com\/JironesEnElTintero\/category\/la-trastienda\/\">La trastienda<\/a>\t\t\t\t\t<\/span>\n\t\t\t\t<\/div>\n\t\t\t\t\t\t\t<\/div>\n\t\t\t\t\t\t\t<div class='uagb-post__text uagb-post__excerpt'>\n\t\t\t\t\tLa trastienda es el lugar donde se cuecen todas las&#8230;\t\t\t\t<\/div>\n\t\t\t\t\t\t<div class=\"uagb-post__text uagb-post__cta wp-block-button\">\n\t\t\t\t<a class=\"wp-block-button__link uagb-text-link\" style=\"\" href=\"https:\/\/www.lahipocondria.com\/JironesEnElTintero\/my-go-to-ways-to-get-more-off-the-beaten-track-while-traveling-2\/\" target=\"_self\" rel=\"bookmark noopener noreferrer\">Leer m\u00e1s<\/a>\n\t\t\t<\/div>\n\t\t\t\n\t\t\t\t\t\t\t\t\t<\/article>\n\t\t\t\t\t\t\t\t\t\t\t\t\t<div class=\"uagb-post-pagination-wrap\">\n\t\t\t\t\t\t\t\t\t\t\t<\/div>\n\t\t\t\t\t\t\t\t<\/div>\n\t\t\t<\/div><\/div>\n","protected":false},"excerpt":{"rendered":"<p>Trastienda \u00bfPor qu\u00e9? La trastienda es ese lugar donde se almacenan, un poco en desorden, y se preparan los objetos que luego se van a poner en el escaparate para que los vea todo el mundo. Es donde se pulen o se reparan los cachivaches encontrados por el camino, para convertirlos en objetos interesantes&#8230; e [&hellip;]<\/p>\n","protected":false},"author":1,"featured_media":0,"parent":0,"menu_order":0,"comment_status":"closed","ping_status":"closed","template":"","meta":{"_uag_custom_page_level_css":"","site-sidebar-layout":"no-sidebar","site-content-layout":"plain-container","ast-site-content-layout":"normal-width-container","site-content-style":"unboxed","site-sidebar-style":"unboxed","ast-global-header-display":"","ast-banner-title-visibility":"","ast-main-header-display":"","ast-hfb-above-header-display":"","ast-hfb-below-header-display":"","ast-hfb-mobile-header-display":"","site-post-title":"disabled","ast-breadcrumbs-content":"","ast-featured-img":"disabled","footer-sml-layout":"","theme-transparent-header-meta":"default","adv-header-id-meta":"","stick-header-meta":"","header-above-stick-meta":"","header-main-stick-meta":"","header-below-stick-meta":"","astra-migrate-meta-layouts":"set","ast-page-background-enabled":"default","ast-page-background-meta":{"desktop":{"background-color":"","background-image":"","background-repeat":"repeat","background-position":"center center","background-size":"auto","background-attachment":"scroll","background-type":"","background-media":"","overlay-type":"","overlay-color":"","overlay-opacity":"","overlay-gradient":""},"tablet":{"background-color":"","background-image":"","background-repeat":"repeat","background-position":"center center","background-size":"auto","background-attachment":"scroll","background-type":"","background-media":"","overlay-type":"","overlay-color":"","overlay-opacity":"","overlay-gradient":""},"mobile":{"background-color":"","background-image":"","background-repeat":"repeat","background-position":"center center","background-size":"auto","background-attachment":"scroll","background-type":"","background-media":"","overlay-type":"","overlay-color":"","overlay-opacity":"","overlay-gradient":""}},"ast-content-background-meta":{"desktop":{"background-color":"var(--ast-global-color-5)","background-image":"","background-repeat":"repeat","background-position":"center center","background-size":"auto","background-attachment":"scroll","background-type":"","background-media":"","overlay-type":"","overlay-color":"","overlay-opacity":"","overlay-gradient":""},"tablet":{"background-color":"var(--ast-global-color-5)","background-image":"","background-repeat":"repeat","background-position":"center center","background-size":"auto","background-attachment":"scroll","background-type":"","background-media":"","overlay-type":"","overlay-color":"","overlay-opacity":"","overlay-gradient":""},"mobile":{"background-color":"var(--ast-global-color-5)","background-image":"","background-repeat":"repeat","background-position":"center center","background-size":"auto","background-attachment":"scroll","background-type":"","background-media":"","overlay-type":"","overlay-color":"","overlay-opacity":"","overlay-gradient":""}},"footnotes":""},"class_list":["post-1722","page","type-page","status-publish","hentry"],"yoast_head":"<!-- This site is optimized with the Yoast SEO plugin v26.9 - https:\/\/yoast.com\/product\/yoast-seo-wordpress\/ -->\n<title>Trastienda - Jirones en el tintero<\/title>\n<meta name=\"robots\" content=\"index, follow, max-snippet:-1, max-image-preview:large, max-video-preview:-1\" \/>\n<link rel=\"canonical\" href=\"https:\/\/www.lahipocondria.com\/JironesEnElTintero\/blog\/\" \/>\n<meta property=\"og:locale\" content=\"es_ES\" \/>\n<meta property=\"og:type\" content=\"article\" \/>\n<meta property=\"og:title\" content=\"Trastienda - Jirones en el tintero\" \/>\n<meta property=\"og:description\" content=\"Trastienda \u00bfPor qu\u00e9? La trastienda es ese lugar donde se almacenan, un poco en desorden, y se preparan los objetos que luego se van a poner en el escaparate para que los vea todo el mundo. Es donde se pulen o se reparan los cachivaches encontrados por el camino, para convertirlos en objetos interesantes&#8230; e [&hellip;]\" \/>\n<meta property=\"og:url\" content=\"https:\/\/www.lahipocondria.com\/JironesEnElTintero\/blog\/\" \/>\n<meta property=\"og:site_name\" content=\"Jirones en el tintero\" \/>\n<meta property=\"article:modified_time\" content=\"2025-10-08T20:41:51+00:00\" \/>\n<meta name=\"twitter:card\" content=\"summary_large_image\" \/>\n<meta name=\"twitter:label1\" content=\"Tiempo de lectura\" \/>\n\t<meta name=\"twitter:data1\" content=\"1 minuto\" \/>\n<script type=\"application\/ld+json\" class=\"yoast-schema-graph\">{\"@context\":\"https:\/\/schema.org\",\"@graph\":[{\"@type\":\"WebPage\",\"@id\":\"https:\/\/www.lahipocondria.com\/JironesEnElTintero\/blog\/\",\"url\":\"https:\/\/www.lahipocondria.com\/JironesEnElTintero\/blog\/\",\"name\":\"Trastienda - Jirones en el tintero\",\"isPartOf\":{\"@id\":\"https:\/\/www.lahipocondria.com\/JironesEnElTintero\/#website\"},\"datePublished\":\"2025-06-29T10:13:20+00:00\",\"dateModified\":\"2025-10-08T20:41:51+00:00\",\"breadcrumb\":{\"@id\":\"https:\/\/www.lahipocondria.com\/JironesEnElTintero\/blog\/#breadcrumb\"},\"inLanguage\":\"es\",\"potentialAction\":[{\"@type\":\"ReadAction\",\"target\":[\"https:\/\/www.lahipocondria.com\/JironesEnElTintero\/blog\/\"]}]},{\"@type\":\"BreadcrumbList\",\"@id\":\"https:\/\/www.lahipocondria.com\/JironesEnElTintero\/blog\/#breadcrumb\",\"itemListElement\":[{\"@type\":\"ListItem\",\"position\":1,\"name\":\"Portada\",\"item\":\"https:\/\/www.lahipocondria.com\/JironesEnElTintero\/\"},{\"@type\":\"ListItem\",\"position\":2,\"name\":\"Trastienda\"}]},{\"@type\":\"WebSite\",\"@id\":\"https:\/\/www.lahipocondria.com\/JironesEnElTintero\/#website\",\"url\":\"https:\/\/www.lahipocondria.com\/JironesEnElTintero\/\",\"name\":\"Jirones en el tintero\",\"description\":\"Relatos y cosas\",\"publisher\":{\"@id\":\"https:\/\/www.lahipocondria.com\/JironesEnElTintero\/#\/schema\/person\/a1cf8bdf063920cfe1e87d0f4bf1e75c\"},\"potentialAction\":[{\"@type\":\"SearchAction\",\"target\":{\"@type\":\"EntryPoint\",\"urlTemplate\":\"https:\/\/www.lahipocondria.com\/JironesEnElTintero\/?s={search_term_string}\"},\"query-input\":{\"@type\":\"PropertyValueSpecification\",\"valueRequired\":true,\"valueName\":\"search_term_string\"}}],\"inLanguage\":\"es\"},{\"@type\":[\"Person\",\"Organization\"],\"@id\":\"https:\/\/www.lahipocondria.com\/JironesEnElTintero\/#\/schema\/person\/a1cf8bdf063920cfe1e87d0f4bf1e75c\",\"name\":\"Jirones\",\"image\":{\"@type\":\"ImageObject\",\"inLanguage\":\"es\",\"@id\":\"https:\/\/www.lahipocondria.com\/JironesEnElTintero\/#\/schema\/person\/image\/\",\"url\":\"https:\/\/www.lahipocondria.com\/JironesEnElTintero\/wp-content\/uploads\/2021\/11\/LOGOrrb.png\",\"contentUrl\":\"https:\/\/www.lahipocondria.com\/JironesEnElTintero\/wp-content\/uploads\/2021\/11\/LOGOrrb.png\",\"width\":100,\"height\":99,\"caption\":\"Jirones\"},\"logo\":{\"@id\":\"https:\/\/www.lahipocondria.com\/JironesEnElTintero\/#\/schema\/person\/image\/\"},\"sameAs\":[\"https:\/\/www.lahipocondria.com\/JironesEnElTintero\"]}]}<\/script>\n<!-- \/ Yoast SEO plugin. -->","yoast_head_json":{"title":"Trastienda - Jirones en el tintero","robots":{"index":"index","follow":"follow","max-snippet":"max-snippet:-1","max-image-preview":"max-image-preview:large","max-video-preview":"max-video-preview:-1"},"canonical":"https:\/\/www.lahipocondria.com\/JironesEnElTintero\/blog\/","og_locale":"es_ES","og_type":"article","og_title":"Trastienda - Jirones en el tintero","og_description":"Trastienda \u00bfPor qu\u00e9? La trastienda es ese lugar donde se almacenan, un poco en desorden, y se preparan los objetos que luego se van a poner en el escaparate para que los vea todo el mundo. Es donde se pulen o se reparan los cachivaches encontrados por el camino, para convertirlos en objetos interesantes&#8230; e [&hellip;]","og_url":"https:\/\/www.lahipocondria.com\/JironesEnElTintero\/blog\/","og_site_name":"Jirones en el tintero","article_modified_time":"2025-10-08T20:41:51+00:00","twitter_card":"summary_large_image","twitter_misc":{"Tiempo de lectura":"1 minuto"},"schema":{"@context":"https:\/\/schema.org","@graph":[{"@type":"WebPage","@id":"https:\/\/www.lahipocondria.com\/JironesEnElTintero\/blog\/","url":"https:\/\/www.lahipocondria.com\/JironesEnElTintero\/blog\/","name":"Trastienda - Jirones en el tintero","isPartOf":{"@id":"https:\/\/www.lahipocondria.com\/JironesEnElTintero\/#website"},"datePublished":"2025-06-29T10:13:20+00:00","dateModified":"2025-10-08T20:41:51+00:00","breadcrumb":{"@id":"https:\/\/www.lahipocondria.com\/JironesEnElTintero\/blog\/#breadcrumb"},"inLanguage":"es","potentialAction":[{"@type":"ReadAction","target":["https:\/\/www.lahipocondria.com\/JironesEnElTintero\/blog\/"]}]},{"@type":"BreadcrumbList","@id":"https:\/\/www.lahipocondria.com\/JironesEnElTintero\/blog\/#breadcrumb","itemListElement":[{"@type":"ListItem","position":1,"name":"Portada","item":"https:\/\/www.lahipocondria.com\/JironesEnElTintero\/"},{"@type":"ListItem","position":2,"name":"Trastienda"}]},{"@type":"WebSite","@id":"https:\/\/www.lahipocondria.com\/JironesEnElTintero\/#website","url":"https:\/\/www.lahipocondria.com\/JironesEnElTintero\/","name":"Jirones en el tintero","description":"Relatos y cosas","publisher":{"@id":"https:\/\/www.lahipocondria.com\/JironesEnElTintero\/#\/schema\/person\/a1cf8bdf063920cfe1e87d0f4bf1e75c"},"potentialAction":[{"@type":"SearchAction","target":{"@type":"EntryPoint","urlTemplate":"https:\/\/www.lahipocondria.com\/JironesEnElTintero\/?s={search_term_string}"},"query-input":{"@type":"PropertyValueSpecification","valueRequired":true,"valueName":"search_term_string"}}],"inLanguage":"es"},{"@type":["Person","Organization"],"@id":"https:\/\/www.lahipocondria.com\/JironesEnElTintero\/#\/schema\/person\/a1cf8bdf063920cfe1e87d0f4bf1e75c","name":"Jirones","image":{"@type":"ImageObject","inLanguage":"es","@id":"https:\/\/www.lahipocondria.com\/JironesEnElTintero\/#\/schema\/person\/image\/","url":"https:\/\/www.lahipocondria.com\/JironesEnElTintero\/wp-content\/uploads\/2021\/11\/LOGOrrb.png","contentUrl":"https:\/\/www.lahipocondria.com\/JironesEnElTintero\/wp-content\/uploads\/2021\/11\/LOGOrrb.png","width":100,"height":99,"caption":"Jirones"},"logo":{"@id":"https:\/\/www.lahipocondria.com\/JironesEnElTintero\/#\/schema\/person\/image\/"},"sameAs":["https:\/\/www.lahipocondria.com\/JironesEnElTintero"]}]}},"uagb_featured_image_src":{"full":false,"thumbnail":false,"medium":false,"medium_large":false,"large":false,"1536x1536":false,"2048x2048":false,"mailpoet_newsletter_max":false},"uagb_author_info":{"display_name":"Jirones","author_link":"https:\/\/www.lahipocondria.com\/JironesEnElTintero\/author\/jirones\/"},"uagb_comment_info":0,"uagb_excerpt":"Trastienda \u00bfPor qu\u00e9? La trastienda es ese lugar donde se almacenan, un poco en desorden, y se preparan los objetos que luego se van a poner en el escaparate para que los vea todo el mundo. Es donde se pulen o se reparan los cachivaches encontrados por el camino, para convertirlos en objetos interesantes&#8230; e&hellip;","_links":{"self":[{"href":"https:\/\/www.lahipocondria.com\/JironesEnElTintero\/wp-json\/wp\/v2\/pages\/1722","targetHints":{"allow":["GET"]}}],"collection":[{"href":"https:\/\/www.lahipocondria.com\/JironesEnElTintero\/wp-json\/wp\/v2\/pages"}],"about":[{"href":"https:\/\/www.lahipocondria.com\/JironesEnElTintero\/wp-json\/wp\/v2\/types\/page"}],"author":[{"embeddable":true,"href":"https:\/\/www.lahipocondria.com\/JironesEnElTintero\/wp-json\/wp\/v2\/users\/1"}],"replies":[{"embeddable":true,"href":"https:\/\/www.lahipocondria.com\/JironesEnElTintero\/wp-json\/wp\/v2\/comments?post=1722"}],"version-history":[{"count":13,"href":"https:\/\/www.lahipocondria.com\/JironesEnElTintero\/wp-json\/wp\/v2\/pages\/1722\/revisions"}],"predecessor-version":[{"id":7920,"href":"https:\/\/www.lahipocondria.com\/JironesEnElTintero\/wp-json\/wp\/v2\/pages\/1722\/revisions\/7920"}],"wp:attachment":[{"href":"https:\/\/www.lahipocondria.com\/JironesEnElTintero\/wp-json\/wp\/v2\/media?parent=1722"}],"curies":[{"name":"wp","href":"https:\/\/api.w.org\/{rel}","templated":true}]}}