{"id":6753,"date":"2025-07-02T12:11:18","date_gmt":"2025-07-02T12:11:18","guid":{"rendered":"https:\/\/www.lahipocondria.com\/JironesEnElTintero\/home-2\/"},"modified":"2025-07-28T19:38:10","modified_gmt":"2025-07-28T19:38:10","slug":"contacto","status":"publish","type":"page","link":"https:\/\/www.lahipocondria.com\/JironesEnElTintero\/contacto\/","title":{"rendered":"Contacto"},"content":{"rendered":"\n<div class=\"wp-block-uagb-container uagb-block-6c959d0c alignfull uagb-is-root-container\"><div class=\"uagb-container-inner-blocks-wrap\">\n<div class=\"wp-block-uagb-container uagb-block-b8120650\">\n<div class=\"wp-block-uagb-info-box uagb-block-c9855d8e uagb-infobox__content-wrap  uagb-infobox-icon-above-title uagb-infobox-image-valign-top wp-block-uagb-info-box--has-margin\"><div class=\"uagb-infobox-margin-wrapper\"><div class=\"uagb-ifb-content\"><div class=\"uagb-ifb-title-wrap\"><h2 class=\"uagb-ifb-title\">\u00bfQu\u00e9 me cuentas?<\/h2><\/div><div class=\"uagb-ifb-separator\"><\/div><div class=\"uagb-ifb-desc\">\n<p>Si quieres decirme algo sin necesidad de suscribirte y esas cosas que hasta a m\u00ed me aburren, esta es la manera m\u00e1s sencilla que se me ocurre (aunque delante de un par de cervezas siempre es mucho mejor).<\/p>\n\n\n\n<p> S\u00f3lo te pedir\u00e9 tres cosas: un nombre (o un nick, un seud\u00f3nimo, un nombre en clave&#8230;), un e-mail para poder contestarte y, por supuesto, que me cuentes lo que quieras. A ser posible sin insultos, que  si suenan mal por la calle, imagina cuando los ves por escrito. Adem\u00e1s, doy por hecho que los dos o tres que me le\u00e9is sois personas educadas y con buen gusto.<\/p>\n<\/div><\/div><\/div><\/div>\n<\/div>\n<\/div><\/div>\n\n\n\n<div class=\"wp-block-uagb-container uagb-layout-grid uagb-block-844a9ebd alignfull uagb-is-root-container\"><div class=\"uagb-container-inner-blocks-wrap\">\n<div class=\"wp-block-uagb-image alignleft uagb-block-01634cf5 wp-block-uagb-image--layout-default wp-block-uagb-image--effect-static wp-block-uagb-image--align-left\"><figure class=\"wp-block-uagb-image__figure\"><img decoding=\"async\" srcset=\"https:\/\/www.lahipocondria.com\/JironesEnElTintero\/wp-content\/uploads\/2025\/07\/ImagenBanner-1024x683.png ,https:\/\/www.lahipocondria.com\/JironesEnElTintero\/wp-content\/uploads\/2025\/07\/ImagenBanner.png 780w, https:\/\/www.lahipocondria.com\/JironesEnElTintero\/wp-content\/uploads\/2025\/07\/ImagenBanner.png 360w\" sizes=\"auto, (max-width: 480px) 150px\" src=\"https:\/\/www.lahipocondria.com\/JironesEnElTintero\/wp-content\/uploads\/2025\/07\/ImagenBanner-1024x683.png\" alt=\"\" class=\"uag-image-7549\" width=\"600\" height=\"453\" title=\"ImagenBanner\" loading=\"lazy\" role=\"img\"\/><\/figure><\/div>\n\n\n\n<div class=\"wp-block-uagb-container uagb-layout-flex uagb-block-e48f4732\"><div class=\"forminator-ui forminator-custom-form forminator-custom-form-7546 forminator-design--bold  forminator_ajax\" data-forminator-render=\"0\" data-form=\"forminator-module-7546\" data-uid=\"69dbdad88639e\"><br\/><\/div><form\n\t\t\t\tid=\"forminator-module-7546\"\n\t\t\t\tclass=\"forminator-ui forminator-custom-form forminator-custom-form-7546 forminator-design--bold  forminator_ajax\"\n\t\t\t\tmethod=\"post\"\n\t\t\t\tdata-forminator-render=\"0\"\n\t\t\t\tdata-form-id=\"7546\"\n\t\t\t\t data-color-option=\"theme\" data-design=\"bold\" data-grid=\"open\" style=\"display: none;\"\n\t\t\t\tdata-uid=\"69dbdad88639e\"\n\t\t\t><div role=\"alert\" aria-live=\"polite\" class=\"forminator-response-message forminator-error\" aria-hidden=\"true\"><\/div><div class=\"forminator-row\"><div id=\"name-1\" class=\"forminator-field-name forminator-col forminator-col-12 \"><div class=\"forminator-field\"><label for=\"forminator-field-name-1_69dbdad88639e\" id=\"forminator-field-name-1_69dbdad88639e-label\" class=\"forminator-label\">Nombre, seud\u00f3nimo, nick, apelativo... <span class=\"forminator-required\">*<\/span><\/label><input type=\"text\" name=\"name-1\" value=\"\" placeholder=\"\" id=\"forminator-field-name-1_69dbdad88639e\" class=\"forminator-input forminator-name--field\" aria-required=\"true\" autocomplete=\"name\" \/><\/div><\/div><\/div><div class=\"forminator-row\"><div id=\"email-1\" class=\"forminator-field-email forminator-col forminator-col-12 \"><div class=\"forminator-field\"><label for=\"forminator-field-email-1_69dbdad88639e\" id=\"forminator-field-email-1_69dbdad88639e-label\" class=\"forminator-label\">Direcci\u00f3n de correo electr\u00f3nico <span class=\"forminator-required\">*<\/span><\/label><input type=\"email\" name=\"email-1\" value=\"\" placeholder=\"\" id=\"forminator-field-email-1_69dbdad88639e\" class=\"forminator-input forminator-email--field\" data-required=\"true\" aria-required=\"true\" autocomplete=\"email\" \/><\/div><\/div><\/div><div class=\"forminator-row\"><div id=\"textarea-1\" class=\"forminator-field-textarea forminator-col forminator-col-12 \"><div class=\"forminator-field\"><label for=\"forminator-field-textarea-1_69dbdad88639e\" id=\"forminator-field-textarea-1_69dbdad88639e-label\" class=\"forminator-label\">Aqu\u00ed puedes explayarte..., aunque no mucho.<\/label><span id=\"forminator-field-textarea-1_69dbdad88639e-description\" class=\"forminator-description\"><span data-limit=\"250\" data-type=\"characters\" data-editor=\"\">0 \/ 250<\/span><\/span><textarea name=\"textarea-1\" placeholder=\"\" id=\"forminator-field-textarea-1_69dbdad88639e\" class=\"forminator-textarea\" rows=\"6\" style=\"min-height:140px;\" maxlength=\"250\" ><\/textarea><\/div><\/div><\/div><input type=\"hidden\" name=\"referer_url\" value=\"\" \/><div class=\"forminator-row forminator-row-last\"><div class=\"forminator-col\"><div class=\"forminator-field\"><button class=\"forminator-button forminator-button-submit\">Sabr&eacute; qu&eacute; quieres decirme en cuanto hagas clic aqu&iacute;<\/button><\/div><\/div><\/div><input type=\"hidden\" id=\"forminator_nonce\" name=\"forminator_nonce\" value=\"d180d10a9d\" \/><input type=\"hidden\" name=\"_wp_http_referer\" value=\"\/JironesEnElTintero\/wp-json\/wp\/v2\/pages\/6753\" \/><input type=\"hidden\" name=\"form_id\" value=\"7546\"><input type=\"hidden\" name=\"page_id\" value=\"6753\"><input type=\"hidden\" name=\"form_type\" value=\"default\"><input type=\"hidden\" name=\"current_url\" value=\"https:\/\/www.lahipocondria.com\/JironesEnElTintero\/contacto\/\"><input type=\"hidden\" name=\"render_id\" value=\"0\"><input type=\"hidden\" name=\"action\" value=\"forminator_submit_form_custom-forms\"><label for=\"input_4\" class=\"forminator-hidden\" aria-hidden=\"true\">Por favor, no rellenes este campo. <input id=\"input_4\" type=\"text\" name=\"input_4\" value=\"\" autocomplete=\"off\"><\/label><\/form>\n<\/div>\n<\/div><\/div>\n","protected":false},"excerpt":{"rendered":"","protected":false},"author":1,"featured_media":0,"parent":0,"menu_order":0,"comment_status":"closed","ping_status":"closed","template":"","meta":{"_uag_custom_page_level_css":"","site-sidebar-layout":"no-sidebar","site-content-layout":"plain-container","ast-site-content-layout":"normal-width-container","site-content-style":"unboxed","site-sidebar-style":"unboxed","ast-global-header-display":"","ast-banner-title-visibility":"","ast-main-header-display":"","ast-hfb-above-header-display":"","ast-hfb-below-header-display":"","ast-hfb-mobile-header-display":"","site-post-title":"disabled","ast-breadcrumbs-content":"","ast-featured-img":"disabled","footer-sml-layout":"","theme-transparent-header-meta":"default","adv-header-id-meta":"","stick-header-meta":"","header-above-stick-meta":"","header-main-stick-meta":"","header-below-stick-meta":"","astra-migrate-meta-layouts":"set","ast-page-background-enabled":"default","ast-page-background-meta":{"desktop":{"background-color":"","background-image":"","background-repeat":"repeat","background-position":"center center","background-size":"auto","background-attachment":"scroll","background-type":"","background-media":"","overlay-type":"","overlay-color":"","overlay-opacity":"","overlay-gradient":""},"tablet":{"background-color":"","background-image":"","background-repeat":"repeat","background-position":"center center","background-size":"auto","background-attachment":"scroll","background-type":"","background-media":"","overlay-type":"","overlay-color":"","overlay-opacity":"","overlay-gradient":""},"mobile":{"background-color":"","background-image":"","background-repeat":"repeat","background-position":"center center","background-size":"auto","background-attachment":"scroll","background-type":"","background-media":"","overlay-type":"","overlay-color":"","overlay-opacity":"","overlay-gradient":""}},"ast-content-background-meta":{"desktop":{"background-color":"var(--ast-global-color-5)","background-image":"","background-repeat":"repeat","background-position":"center center","background-size":"auto","background-attachment":"scroll","background-type":"","background-media":"","overlay-type":"","overlay-color":"","overlay-opacity":"","overlay-gradient":""},"tablet":{"background-color":"var(--ast-global-color-5)","background-image":"","background-repeat":"repeat","background-position":"center center","background-size":"auto","background-attachment":"scroll","background-type":"","background-media":"","overlay-type":"","overlay-color":"","overlay-opacity":"","overlay-gradient":""},"mobile":{"background-color":"var(--ast-global-color-5)","background-image":"","background-repeat":"repeat","background-position":"center center","background-size":"auto","background-attachment":"scroll","background-type":"","background-media":"","overlay-type":"","overlay-color":"","overlay-opacity":"","overlay-gradient":""}},"footnotes":""},"class_list":["post-6753","page","type-page","status-publish","hentry"],"yoast_head":"<!-- This site is optimized with the Yoast SEO plugin v26.9 - https:\/\/yoast.com\/product\/yoast-seo-wordpress\/ -->\n<title>Contacto - Jirones en el tintero<\/title>\n<meta name=\"robots\" content=\"index, follow, max-snippet:-1, max-image-preview:large, max-video-preview:-1\" \/>\n<link rel=\"canonical\" href=\"https:\/\/www.lahipocondria.com\/JironesEnElTintero\/contacto\/\" \/>\n<meta property=\"og:locale\" content=\"es_ES\" \/>\n<meta property=\"og:type\" content=\"article\" \/>\n<meta property=\"og:title\" content=\"Contacto - Jirones en el tintero\" \/>\n<meta property=\"og:url\" content=\"https:\/\/www.lahipocondria.com\/JironesEnElTintero\/contacto\/\" \/>\n<meta property=\"og:site_name\" content=\"Jirones en el tintero\" \/>\n<meta property=\"article:modified_time\" content=\"2025-07-28T19:38:10+00:00\" \/>\n<meta property=\"og:image\" content=\"https:\/\/www.lahipocondria.com\/JironesEnElTintero\/wp-content\/uploads\/2025\/07\/ImagenBanner-1024x683.png\" \/>\n<meta name=\"twitter:card\" content=\"summary_large_image\" \/>\n<meta name=\"twitter:label1\" content=\"Tiempo de lectura\" \/>\n\t<meta name=\"twitter:data1\" content=\"1 minuto\" \/>\n<script type=\"application\/ld+json\" class=\"yoast-schema-graph\">{\"@context\":\"https:\/\/schema.org\",\"@graph\":[{\"@type\":\"WebPage\",\"@id\":\"https:\/\/www.lahipocondria.com\/JironesEnElTintero\/contacto\/\",\"url\":\"https:\/\/www.lahipocondria.com\/JironesEnElTintero\/contacto\/\",\"name\":\"Contacto - Jirones en el tintero\",\"isPartOf\":{\"@id\":\"https:\/\/www.lahipocondria.com\/JironesEnElTintero\/#website\"},\"primaryImageOfPage\":{\"@id\":\"https:\/\/www.lahipocondria.com\/JironesEnElTintero\/contacto\/#primaryimage\"},\"image\":{\"@id\":\"https:\/\/www.lahipocondria.com\/JironesEnElTintero\/contacto\/#primaryimage\"},\"thumbnailUrl\":\"https:\/\/www.lahipocondria.com\/JironesEnElTintero\/wp-content\/uploads\/2025\/07\/ImagenBanner-1024x683.png\",\"datePublished\":\"2025-07-02T12:11:18+00:00\",\"dateModified\":\"2025-07-28T19:38:10+00:00\",\"breadcrumb\":{\"@id\":\"https:\/\/www.lahipocondria.com\/JironesEnElTintero\/contacto\/#breadcrumb\"},\"inLanguage\":\"es\",\"potentialAction\":[{\"@type\":\"ReadAction\",\"target\":[\"https:\/\/www.lahipocondria.com\/JironesEnElTintero\/contacto\/\"]}]},{\"@type\":\"ImageObject\",\"inLanguage\":\"es\",\"@id\":\"https:\/\/www.lahipocondria.com\/JironesEnElTintero\/contacto\/#primaryimage\",\"url\":\"https:\/\/www.lahipocondria.com\/JironesEnElTintero\/wp-content\/uploads\/2025\/07\/ImagenBanner.png\",\"contentUrl\":\"https:\/\/www.lahipocondria.com\/JironesEnElTintero\/wp-content\/uploads\/2025\/07\/ImagenBanner.png\",\"width\":1536,\"height\":1024},{\"@type\":\"BreadcrumbList\",\"@id\":\"https:\/\/www.lahipocondria.com\/JironesEnElTintero\/contacto\/#breadcrumb\",\"itemListElement\":[{\"@type\":\"ListItem\",\"position\":1,\"name\":\"Portada\",\"item\":\"https:\/\/www.lahipocondria.com\/JironesEnElTintero\/\"},{\"@type\":\"ListItem\",\"position\":2,\"name\":\"Contacto\"}]},{\"@type\":\"WebSite\",\"@id\":\"https:\/\/www.lahipocondria.com\/JironesEnElTintero\/#website\",\"url\":\"https:\/\/www.lahipocondria.com\/JironesEnElTintero\/\",\"name\":\"Jirones en el tintero\",\"description\":\"Relatos y cosas\",\"publisher\":{\"@id\":\"https:\/\/www.lahipocondria.com\/JironesEnElTintero\/#\/schema\/person\/a1cf8bdf063920cfe1e87d0f4bf1e75c\"},\"potentialAction\":[{\"@type\":\"SearchAction\",\"target\":{\"@type\":\"EntryPoint\",\"urlTemplate\":\"https:\/\/www.lahipocondria.com\/JironesEnElTintero\/?s={search_term_string}\"},\"query-input\":{\"@type\":\"PropertyValueSpecification\",\"valueRequired\":true,\"valueName\":\"search_term_string\"}}],\"inLanguage\":\"es\"},{\"@type\":[\"Person\",\"Organization\"],\"@id\":\"https:\/\/www.lahipocondria.com\/JironesEnElTintero\/#\/schema\/person\/a1cf8bdf063920cfe1e87d0f4bf1e75c\",\"name\":\"Jirones\",\"image\":{\"@type\":\"ImageObject\",\"inLanguage\":\"es\",\"@id\":\"https:\/\/www.lahipocondria.com\/JironesEnElTintero\/#\/schema\/person\/image\/\",\"url\":\"https:\/\/www.lahipocondria.com\/JironesEnElTintero\/wp-content\/uploads\/2021\/11\/LOGOrrb.png\",\"contentUrl\":\"https:\/\/www.lahipocondria.com\/JironesEnElTintero\/wp-content\/uploads\/2021\/11\/LOGOrrb.png\",\"width\":100,\"height\":99,\"caption\":\"Jirones\"},\"logo\":{\"@id\":\"https:\/\/www.lahipocondria.com\/JironesEnElTintero\/#\/schema\/person\/image\/\"},\"sameAs\":[\"https:\/\/www.lahipocondria.com\/JironesEnElTintero\"]}]}<\/script>\n<!-- \/ Yoast SEO plugin. -->","yoast_head_json":{"title":"Contacto - Jirones en el tintero","robots":{"index":"index","follow":"follow","max-snippet":"max-snippet:-1","max-image-preview":"max-image-preview:large","max-video-preview":"max-video-preview:-1"},"canonical":"https:\/\/www.lahipocondria.com\/JironesEnElTintero\/contacto\/","og_locale":"es_ES","og_type":"article","og_title":"Contacto - Jirones en el tintero","og_url":"https:\/\/www.lahipocondria.com\/JironesEnElTintero\/contacto\/","og_site_name":"Jirones en el tintero","article_modified_time":"2025-07-28T19:38:10+00:00","og_image":[{"url":"https:\/\/www.lahipocondria.com\/JironesEnElTintero\/wp-content\/uploads\/2025\/07\/ImagenBanner-1024x683.png","type":"","width":"","height":""}],"twitter_card":"summary_large_image","twitter_misc":{"Tiempo de lectura":"1 minuto"},"schema":{"@context":"https:\/\/schema.org","@graph":[{"@type":"WebPage","@id":"https:\/\/www.lahipocondria.com\/JironesEnElTintero\/contacto\/","url":"https:\/\/www.lahipocondria.com\/JironesEnElTintero\/contacto\/","name":"Contacto - Jirones en el tintero","isPartOf":{"@id":"https:\/\/www.lahipocondria.com\/JironesEnElTintero\/#website"},"primaryImageOfPage":{"@id":"https:\/\/www.lahipocondria.com\/JironesEnElTintero\/contacto\/#primaryimage"},"image":{"@id":"https:\/\/www.lahipocondria.com\/JironesEnElTintero\/contacto\/#primaryimage"},"thumbnailUrl":"https:\/\/www.lahipocondria.com\/JironesEnElTintero\/wp-content\/uploads\/2025\/07\/ImagenBanner-1024x683.png","datePublished":"2025-07-02T12:11:18+00:00","dateModified":"2025-07-28T19:38:10+00:00","breadcrumb":{"@id":"https:\/\/www.lahipocondria.com\/JironesEnElTintero\/contacto\/#breadcrumb"},"inLanguage":"es","potentialAction":[{"@type":"ReadAction","target":["https:\/\/www.lahipocondria.com\/JironesEnElTintero\/contacto\/"]}]},{"@type":"ImageObject","inLanguage":"es","@id":"https:\/\/www.lahipocondria.com\/JironesEnElTintero\/contacto\/#primaryimage","url":"https:\/\/www.lahipocondria.com\/JironesEnElTintero\/wp-content\/uploads\/2025\/07\/ImagenBanner.png","contentUrl":"https:\/\/www.lahipocondria.com\/JironesEnElTintero\/wp-content\/uploads\/2025\/07\/ImagenBanner.png","width":1536,"height":1024},{"@type":"BreadcrumbList","@id":"https:\/\/www.lahipocondria.com\/JironesEnElTintero\/contacto\/#breadcrumb","itemListElement":[{"@type":"ListItem","position":1,"name":"Portada","item":"https:\/\/www.lahipocondria.com\/JironesEnElTintero\/"},{"@type":"ListItem","position":2,"name":"Contacto"}]},{"@type":"WebSite","@id":"https:\/\/www.lahipocondria.com\/JironesEnElTintero\/#website","url":"https:\/\/www.lahipocondria.com\/JironesEnElTintero\/","name":"Jirones en el tintero","description":"Relatos y cosas","publisher":{"@id":"https:\/\/www.lahipocondria.com\/JironesEnElTintero\/#\/schema\/person\/a1cf8bdf063920cfe1e87d0f4bf1e75c"},"potentialAction":[{"@type":"SearchAction","target":{"@type":"EntryPoint","urlTemplate":"https:\/\/www.lahipocondria.com\/JironesEnElTintero\/?s={search_term_string}"},"query-input":{"@type":"PropertyValueSpecification","valueRequired":true,"valueName":"search_term_string"}}],"inLanguage":"es"},{"@type":["Person","Organization"],"@id":"https:\/\/www.lahipocondria.com\/JironesEnElTintero\/#\/schema\/person\/a1cf8bdf063920cfe1e87d0f4bf1e75c","name":"Jirones","image":{"@type":"ImageObject","inLanguage":"es","@id":"https:\/\/www.lahipocondria.com\/JironesEnElTintero\/#\/schema\/person\/image\/","url":"https:\/\/www.lahipocondria.com\/JironesEnElTintero\/wp-content\/uploads\/2021\/11\/LOGOrrb.png","contentUrl":"https:\/\/www.lahipocondria.com\/JironesEnElTintero\/wp-content\/uploads\/2021\/11\/LOGOrrb.png","width":100,"height":99,"caption":"Jirones"},"logo":{"@id":"https:\/\/www.lahipocondria.com\/JironesEnElTintero\/#\/schema\/person\/image\/"},"sameAs":["https:\/\/www.lahipocondria.com\/JironesEnElTintero"]}]}},"uagb_featured_image_src":{"full":false,"thumbnail":false,"medium":false,"medium_large":false,"large":false,"1536x1536":false,"2048x2048":false,"mailpoet_newsletter_max":false},"uagb_author_info":{"display_name":"Jirones","author_link":"https:\/\/www.lahipocondria.com\/JironesEnElTintero\/author\/jirones\/"},"uagb_comment_info":0,"uagb_excerpt":null,"_links":{"self":[{"href":"https:\/\/www.lahipocondria.com\/JironesEnElTintero\/wp-json\/wp\/v2\/pages\/6753","targetHints":{"allow":["GET"]}}],"collection":[{"href":"https:\/\/www.lahipocondria.com\/JironesEnElTintero\/wp-json\/wp\/v2\/pages"}],"about":[{"href":"https:\/\/www.lahipocondria.com\/JironesEnElTintero\/wp-json\/wp\/v2\/types\/page"}],"author":[{"embeddable":true,"href":"https:\/\/www.lahipocondria.com\/JironesEnElTintero\/wp-json\/wp\/v2\/users\/1"}],"replies":[{"embeddable":true,"href":"https:\/\/www.lahipocondria.com\/JironesEnElTintero\/wp-json\/wp\/v2\/comments?post=6753"}],"version-history":[{"count":8,"href":"https:\/\/www.lahipocondria.com\/JironesEnElTintero\/wp-json\/wp\/v2\/pages\/6753\/revisions"}],"predecessor-version":[{"id":7571,"href":"https:\/\/www.lahipocondria.com\/JironesEnElTintero\/wp-json\/wp\/v2\/pages\/6753\/revisions\/7571"}],"wp:attachment":[{"href":"https:\/\/www.lahipocondria.com\/JironesEnElTintero\/wp-json\/wp\/v2\/media?parent=6753"}],"curies":[{"name":"wp","href":"https:\/\/api.w.org\/{rel}","templated":true}]}}